{"id":885,"date":"2025-08-17T12:20:05","date_gmt":"2025-08-17T12:20:05","guid":{"rendered":"https:\/\/markeeplan.com\/?page_id=885"},"modified":"2025-11-03T11:44:08","modified_gmt":"2025-11-03T11:44:08","slug":"join-our-team-careers-at-markeeplan","status":"publish","type":"page","link":"https:\/\/markeeplan.com\/es\/join-our-team-careers-at-markeeplan\/","title":{"rendered":"Carreras profesionales"},"content":{"rendered":"<div data-elementor-type=\"wp-page\" data-elementor-id=\"885\" class=\"elementor elementor-885\" data-elementor-post-type=\"page\">\n\t\t\t\t<div data-particle_enable=\"false\" data-particle-mobile-disabled=\"false\" class=\"elementor-element elementor-element-48b0512 e-con-full e-flex e-con e-parent\" data-id=\"48b0512\" data-element_type=\"container\" data-e-type=\"container\" data-settings=\"{&quot;background_background&quot;:&quot;classic&quot;}\">\n\t\t<div data-particle_enable=\"false\" data-particle-mobile-disabled=\"false\" class=\"elementor-element elementor-element-8f486ea e-con-full e-flex e-con e-child\" data-id=\"8f486ea\" data-element_type=\"container\" data-e-type=\"container\" data-settings=\"{&quot;background_background&quot;:&quot;gradient&quot;}\">\n\t\t\t\t<div class=\"elementor-element elementor-element-d3b39c2 elementor-widget elementor-widget-heading\" data-id=\"d3b39c2\" data-element_type=\"widget\" data-e-type=\"widget\" data-widget_type=\"heading.default\">\n\t\t\t\t\t<h2 class=\"elementor-heading-title elementor-size-default\">\u00a1Construye tu futuro con MarkeePlan! Crecimiento. Pasi\u00f3n. Impacto.\n<\/h2>\t\t\t\t<\/div>\n\t\t\t\t<div class=\"elementor-element elementor-element-1adfba8 elementor-widget elementor-widget-text-editor\" data-id=\"1adfba8\" data-element_type=\"widget\" data-e-type=\"widget\" data-widget_type=\"text-editor.default\">\n\t\t\t\t\t\t\t\t\t<p data-start=\"94\" data-end=\"473\">Estos son los motores de nuestro equipo. Si eres una persona a la que le encanta la creatividad y el r\u00e1pido ritmo del mundo del marketing digital, te queremos a bordo. En MarkeePlan, cada d\u00eda surgen nuevas oportunidades para resolver retos apasionantes, superar los l\u00edmites y ofrecer resultados reales a empresas de todo el mundo.<\/p><p data-start=\"475\" data-end=\"714\">Siempre estamos buscando personas con visi\u00f3n de futuro, deseosas de aprender, innovar y marcar una diferencia duradera. \u00danete a nosotros y forma parte de un equipo colaborativo que est\u00e1 dando forma al futuro del marketing digital campa\u00f1a a campa\u00f1a.<\/p>\t\t\t\t\t\t\t\t<\/div>\n\t\t\t\t<div class=\"elementor-element elementor-element-fcb0966 elementor-align-left elementor-mobile-align-center elementor-widget elementor-widget-button\" data-id=\"fcb0966\" data-element_type=\"widget\" data-e-type=\"widget\" data-widget_type=\"button.default\">\n\t\t\t\t\t\t\t\t\t\t<a class=\"elementor-button elementor-button-link elementor-size-sm\" href=\"#job\">\n\t\t\t\t\t\t<span class=\"elementor-button-content-wrapper\">\n\t\t\t\t\t\t\t\t\t<span class=\"elementor-button-text\">ver vacantes<\/span>\n\t\t\t\t\t<\/span>\n\t\t\t\t\t<\/a>\n\t\t\t\t\t\t\t\t<\/div>\n\t\t\t\t<\/div>\n\t\t<div data-particle_enable=\"false\" data-particle-mobile-disabled=\"false\" class=\"elementor-element elementor-element-8745c4c e-con-full elementor-hidden-mobile e-flex e-con e-child\" data-id=\"8745c4c\" data-element_type=\"container\" data-e-type=\"container\" data-settings=\"{&quot;background_background&quot;:&quot;classic&quot;}\">\n\t\t\t\t<\/div>\n\t\t\t\t<\/div>\n\t\t<div data-particle_enable=\"false\" data-particle-mobile-disabled=\"false\" class=\"elementor-element elementor-element-f41a76c e-flex e-con-boxed e-con e-parent\" data-id=\"f41a76c\" data-element_type=\"container\" data-e-type=\"container\" id=\"job\">\n\t\t\t\t\t<div class=\"e-con-inner\">\n\t\t\t\t<div class=\"elementor-element elementor-element-448d773 elementor-widget elementor-widget-heading\" data-id=\"448d773\" data-element_type=\"widget\" data-e-type=\"widget\" data-widget_type=\"heading.default\">\n\t\t\t\t\t<h2 class=\"elementor-heading-title elementor-size-default\">Vacantes actuales\n<\/h2>\t\t\t\t<\/div>\n\t\t<div data-particle_enable=\"false\" data-particle-mobile-disabled=\"false\" class=\"elementor-element elementor-element-b939c84 e-con-full e-flex e-con e-child\" data-id=\"b939c84\" data-element_type=\"container\" data-e-type=\"container\">\n\t\t<div data-particle_enable=\"false\" data-particle-mobile-disabled=\"false\" class=\"elementor-element elementor-element-1ed4560 e-con-full e-flex e-con e-child\" data-id=\"1ed4560\" data-element_type=\"container\" data-e-type=\"container\" data-settings=\"{&quot;background_background&quot;:&quot;classic&quot;}\">\n\t\t\t\t<div class=\"elementor-element elementor-element-2cfcc97 elementor-widget elementor-widget-heading\" data-id=\"2cfcc97\" data-element_type=\"widget\" data-e-type=\"widget\" data-widget_type=\"heading.default\">\n\t\t\t\t\t<h2 class=\"elementor-heading-title elementor-size-default\">Ejecutivo de ventas digitales<\/h2>\t\t\t\t<\/div>\n\t\t\t\t<div class=\"elementor-element elementor-element-068dc17 elementor-widget elementor-widget-text-editor\" data-id=\"068dc17\" data-element_type=\"widget\" data-e-type=\"widget\" data-widget_type=\"text-editor.default\">\n\t\t\t\t\t\t\t\t\t<p>\u00bfBuscas llevar tu carrera de ventas a un nuevo nivel y ganar $$$? Este puesto es para ti.<\/p><p>MarkeePlan est\u00e1 buscando un Ejecutivo de Ventas Digitales que le guste ayudar a sus clientes a ganar y cerrar negocios. Buscamos a alguien con iniciativa propia a quien le encante trabajar con equipos inspirados (e inspiradores), con grandes habilidades de comunicaci\u00f3n y que no tenga miedo de pensar de forma innovadora.<\/p>\t\t\t\t\t\t\t\t<\/div>\n\t\t\t\t<div class=\"elementor-element elementor-element-f13f1f3 elementor-widget-divider--view-line elementor-widget elementor-widget-divider\" data-id=\"f13f1f3\" data-element_type=\"widget\" data-e-type=\"widget\" data-widget_type=\"divider.default\">\n\t\t\t\t\t\t\t<div class=\"elementor-divider\">\n\t\t\t<span class=\"elementor-divider-separator\">\n\t\t\t\t\t\t<\/span>\n\t\t<\/div>\n\t\t\t\t\t\t<\/div>\n\t\t\t\t<div class=\"elementor-element elementor-element-d1ad8fc elementor-widget elementor-widget-button\" data-id=\"d1ad8fc\" data-element_type=\"widget\" data-e-type=\"widget\" data-widget_type=\"button.default\">\n\t\t\t\t\t\t\t\t\t\t<a class=\"elementor-button elementor-button-link elementor-size-sm\" href=\"#\">\n\t\t\t\t\t\t<span class=\"elementor-button-content-wrapper\">\n\t\t\t\t\t\t\t\t\t<span class=\"elementor-button-text\">Seguir leyendo<\/span>\n\t\t\t\t\t<\/span>\n\t\t\t\t\t<\/a>\n\t\t\t\t\t\t\t\t<\/div>\n\t\t\t\t<\/div>\n\t\t<div data-particle_enable=\"false\" data-particle-mobile-disabled=\"false\" class=\"elementor-element elementor-element-1713e25 e-con-full e-flex e-con e-child\" data-id=\"1713e25\" data-element_type=\"container\" data-e-type=\"container\" data-settings=\"{&quot;background_background&quot;:&quot;classic&quot;}\">\n\t\t\t\t<div class=\"elementor-element elementor-element-8e3cc5b elementor-widget elementor-widget-heading\" data-id=\"8e3cc5b\" data-element_type=\"widget\" data-e-type=\"widget\" data-widget_type=\"heading.default\">\n\t\t\t\t\t<h2 class=\"elementor-heading-title elementor-size-default\">BizDev\n<\/h2>\t\t\t\t<\/div>\n\t\t\t\t<div class=\"elementor-element elementor-element-e150b2f elementor-widget elementor-widget-text-editor\" data-id=\"e150b2f\" data-element_type=\"widget\" data-e-type=\"widget\" data-widget_type=\"text-editor.default\">\n\t\t\t\t\t\t\t\t\t<p>\u00bfBuscas llevar tu carrera de ventas a un nuevo nivel y ganar $$$? Este puesto es para ti.<\/p><p>MarkeePlan est\u00e1 buscando un Ejecutivo de Ventas Digitales que le guste ayudar a sus clientes a ganar y cerrar negocios. Buscamos a alguien con iniciativa propia a quien le encante trabajar con equipos inspirados (e inspiradores), con grandes habilidades de comunicaci\u00f3n y que no tenga miedo de pensar de forma innovadora.<\/p>\t\t\t\t\t\t\t\t<\/div>\n\t\t\t\t<div class=\"elementor-element elementor-element-6c8a560 elementor-widget-divider--view-line elementor-widget elementor-widget-divider\" data-id=\"6c8a560\" data-element_type=\"widget\" data-e-type=\"widget\" data-widget_type=\"divider.default\">\n\t\t\t\t\t\t\t<div class=\"elementor-divider\">\n\t\t\t<span class=\"elementor-divider-separator\">\n\t\t\t\t\t\t<\/span>\n\t\t<\/div>\n\t\t\t\t\t\t<\/div>\n\t\t\t\t<div class=\"elementor-element elementor-element-738e27f elementor-widget elementor-widget-button\" data-id=\"738e27f\" data-element_type=\"widget\" data-e-type=\"widget\" data-widget_type=\"button.default\">\n\t\t\t\t\t\t\t\t\t\t<a class=\"elementor-button elementor-button-link elementor-size-sm\" href=\"#\">\n\t\t\t\t\t\t<span class=\"elementor-button-content-wrapper\">\n\t\t\t\t\t\t\t\t\t<span class=\"elementor-button-text\">Seguir leyendo<\/span>\n\t\t\t\t\t<\/span>\n\t\t\t\t\t<\/a>\n\t\t\t\t\t\t\t\t<\/div>\n\t\t\t\t<\/div>\n\t\t<div data-particle_enable=\"false\" data-particle-mobile-disabled=\"false\" class=\"elementor-element elementor-element-3550f55 e-con-full e-flex e-con e-child\" data-id=\"3550f55\" data-element_type=\"container\" data-e-type=\"container\" data-settings=\"{&quot;background_background&quot;:&quot;classic&quot;}\">\n\t\t\t\t<div class=\"elementor-element elementor-element-880a5a0 elementor-widget elementor-widget-heading\" data-id=\"880a5a0\" data-element_type=\"widget\" data-e-type=\"widget\" data-widget_type=\"heading.default\">\n\t\t\t\t\t<h2 class=\"elementor-heading-title elementor-size-default\">Experto Ai<\/h2>\t\t\t\t<\/div>\n\t\t\t\t<div class=\"elementor-element elementor-element-e33a34b elementor-widget elementor-widget-text-editor\" data-id=\"e33a34b\" data-element_type=\"widget\" data-e-type=\"widget\" data-widget_type=\"text-editor.default\">\n\t\t\t\t\t\t\t\t\t<p>\u00bfBuscas llevar tu carrera de ventas a un nuevo nivel y ganar $$$? Este puesto es para ti.<\/p><p>MarkeePlan est\u00e1 buscando un Ejecutivo de Ventas Digitales que le guste ayudar a sus clientes a ganar y cerrar negocios. Buscamos a alguien con iniciativa propia a quien le encante trabajar con equipos inspirados (e inspiradores), con grandes habilidades de comunicaci\u00f3n y que no tenga miedo de pensar de forma innovadora.<\/p>\t\t\t\t\t\t\t\t<\/div>\n\t\t\t\t<div class=\"elementor-element elementor-element-0c041ec elementor-widget-divider--view-line elementor-widget elementor-widget-divider\" data-id=\"0c041ec\" data-element_type=\"widget\" data-e-type=\"widget\" data-widget_type=\"divider.default\">\n\t\t\t\t\t\t\t<div class=\"elementor-divider\">\n\t\t\t<span class=\"elementor-divider-separator\">\n\t\t\t\t\t\t<\/span>\n\t\t<\/div>\n\t\t\t\t\t\t<\/div>\n\t\t\t\t<div class=\"elementor-element elementor-element-7849652 elementor-widget elementor-widget-button\" data-id=\"7849652\" data-element_type=\"widget\" data-e-type=\"widget\" data-widget_type=\"button.default\">\n\t\t\t\t\t\t\t\t\t\t<a class=\"elementor-button elementor-button-link elementor-size-sm\" href=\"#\">\n\t\t\t\t\t\t<span class=\"elementor-button-content-wrapper\">\n\t\t\t\t\t\t\t\t\t<span class=\"elementor-button-text\">Seguir leyendo<\/span>\n\t\t\t\t\t<\/span>\n\t\t\t\t\t<\/a>\n\t\t\t\t\t\t\t\t<\/div>\n\t\t\t\t<\/div>\n\t\t\t\t<\/div>\n\t\t\t\t\t<\/div>\n\t\t\t\t<\/div>\n\t\t<div data-particle_enable=\"false\" data-particle-mobile-disabled=\"false\" class=\"elementor-element elementor-element-d987c9b e-con-full e-flex e-con e-parent\" data-id=\"d987c9b\" data-element_type=\"container\" data-e-type=\"container\">\n\t\t\t\t<div class=\"elementor-element elementor-element-bbfb4b5 elementor-widget elementor-widget-image\" data-id=\"bbfb4b5\" data-element_type=\"widget\" data-e-type=\"widget\" data-widget_type=\"image.default\">\n\t\t\t\t\t\t\t\t\t\t\t\t\t\t\t<img fetchpriority=\"high\" decoding=\"async\" width=\"1024\" height=\"546\" src=\"https:\/\/markeeplan.com\/wp-content\/uploads\/2025\/08\/f2867e58-c740-44c9-9bd4-e1ff501e5577-1024x546.jpeg\" class=\"attachment-large size-large wp-image-816\" alt=\"\" srcset=\"https:\/\/markeeplan.com\/wp-content\/uploads\/2025\/08\/f2867e58-c740-44c9-9bd4-e1ff501e5577-1024x546.jpeg 1024w, https:\/\/markeeplan.com\/wp-content\/uploads\/2025\/08\/f2867e58-c740-44c9-9bd4-e1ff501e5577-300x160.jpeg 300w, https:\/\/markeeplan.com\/wp-content\/uploads\/2025\/08\/f2867e58-c740-44c9-9bd4-e1ff501e5577-768x409.jpeg 768w, https:\/\/markeeplan.com\/wp-content\/uploads\/2025\/08\/f2867e58-c740-44c9-9bd4-e1ff501e5577-1536x819.jpeg 1536w, https:\/\/markeeplan.com\/wp-content\/uploads\/2025\/08\/f2867e58-c740-44c9-9bd4-e1ff501e5577-2048x1092.jpeg 2048w\" sizes=\"(max-width: 1024px) 100vw, 1024px\" \/>\t\t\t\t\t\t\t\t\t\t\t\t\t\t\t<\/div>\n\t\t\t\t<\/div>\n\t\t\t\t<\/div>","protected":false},"excerpt":{"rendered":"<p>Build Your Future With MarkeePlan! Growth. Passion. Impact. These are the driving forces behind our team. If you\u2019re someone who [&hellip;]<\/p>\n","protected":false},"author":6,"featured_media":0,"parent":0,"menu_order":0,"comment_status":"closed","ping_status":"closed","template":"elementor_header_footer","meta":{"site-sidebar-layout":"no-sidebar","site-content-layout":"","ast-site-content-layout":"full-width-container","site-content-style":"default","site-sidebar-style":"default","ast-global-header-display":"","ast-banner-title-visibility":"","ast-main-header-display":"","ast-hfb-above-header-display":"","ast-hfb-below-header-display":"","ast-hfb-mobile-header-display":"","site-post-title":"","ast-breadcrumbs-content":"","ast-featured-img":"disabled","footer-sml-layout":"","ast-disable-related-posts":"","theme-transparent-header-meta":"","adv-header-id-meta":"","stick-header-meta":"","header-above-stick-meta":"","header-main-stick-meta":"","header-below-stick-meta":"","astra-migrate-meta-layouts":"default","ast-page-background-enabled":"default","ast-page-background-meta":{"desktop":{"background-color":"var(--ast-global-color-5)","background-image":"","background-repeat":"repeat","background-position":"center center","background-size":"auto","background-attachment":"scroll","background-type":"","background-media":"","overlay-type":"","overlay-color":"","overlay-opacity":"","overlay-gradient":""},"tablet":{"background-color":"","background-image":"","background-repeat":"repeat","background-position":"center center","background-size":"auto","background-attachment":"scroll","background-type":"","background-media":"","overlay-type":"","overlay-color":"","overlay-opacity":"","overlay-gradient":""},"mobile":{"background-color":"","background-image":"","background-repeat":"repeat","background-position":"center center","background-size":"auto","background-attachment":"scroll","background-type":"","background-media":"","overlay-type":"","overlay-color":"","overlay-opacity":"","overlay-gradient":""}},"ast-content-background-meta":{"desktop":{"background-color":"var(--ast-global-color-4)","background-image":"","background-repeat":"repeat","background-position":"center center","background-size":"auto","background-attachment":"scroll","background-type":"","background-media":"","overlay-type":"","overlay-color":"","overlay-opacity":"","overlay-gradient":""},"tablet":{"background-color":"var(--ast-global-color-4)","background-image":"","background-repeat":"repeat","background-position":"center center","background-size":"auto","background-attachment":"scroll","background-type":"","background-media":"","overlay-type":"","overlay-color":"","overlay-opacity":"","overlay-gradient":""},"mobile":{"background-color":"var(--ast-global-color-4)","background-image":"","background-repeat":"repeat","background-position":"center center","background-size":"auto","background-attachment":"scroll","background-type":"","background-media":"","overlay-type":"","overlay-color":"","overlay-opacity":"","overlay-gradient":""}},"footnotes":""},"class_list":["post-885","page","type-page","status-publish","hentry"],"_links":{"self":[{"href":"https:\/\/markeeplan.com\/es\/wp-json\/wp\/v2\/pages\/885","targetHints":{"allow":["GET"]}}],"collection":[{"href":"https:\/\/markeeplan.com\/es\/wp-json\/wp\/v2\/pages"}],"about":[{"href":"https:\/\/markeeplan.com\/es\/wp-json\/wp\/v2\/types\/page"}],"author":[{"embeddable":true,"href":"https:\/\/markeeplan.com\/es\/wp-json\/wp\/v2\/users\/6"}],"replies":[{"embeddable":true,"href":"https:\/\/markeeplan.com\/es\/wp-json\/wp\/v2\/comments?post=885"}],"version-history":[{"count":0,"href":"https:\/\/markeeplan.com\/es\/wp-json\/wp\/v2\/pages\/885\/revisions"}],"wp:attachment":[{"href":"https:\/\/markeeplan.com\/es\/wp-json\/wp\/v2\/media?parent=885"}],"curies":[{"name":"wp","href":"https:\/\/api.w.org\/{rel}","templated":true}]}}