{"id":741,"date":"2025-08-12T12:02:22","date_gmt":"2025-08-12T12:02:22","guid":{"rendered":"https:\/\/markeeplan.com\/?page_id=741"},"modified":"2025-12-15T12:13:22","modified_gmt":"2025-12-15T12:13:22","slug":"instagram-ads","status":"publish","type":"page","link":"https:\/\/markeeplan.com\/es\/instagram-ads\/","title":{"rendered":"Anuncios en Instagram"},"content":{"rendered":"<div data-elementor-type=\"wp-page\" data-elementor-id=\"741\" class=\"elementor elementor-741\" data-elementor-post-type=\"page\">\n\t\t\t\t<div data-particle_enable=\"false\" data-particle-mobile-disabled=\"false\" class=\"elementor-element elementor-element-521625b e-flex e-con-boxed e-con e-parent\" data-id=\"521625b\" data-element_type=\"container\" data-e-type=\"container\" data-settings=\"{&quot;background_background&quot;:&quot;classic&quot;}\">\n\t\t\t\t\t<div class=\"e-con-inner\">\n\t\t<div data-particle_enable=\"false\" data-particle-mobile-disabled=\"false\" class=\"elementor-element elementor-element-edb9978 e-con-full e-flex e-con e-child\" data-id=\"edb9978\" data-element_type=\"container\" data-e-type=\"container\">\n\t\t\t\t<div class=\"elementor-element elementor-element-ecdac2a elementor-widget elementor-widget-heading\" data-id=\"ecdac2a\" data-element_type=\"widget\" data-e-type=\"widget\" data-widget_type=\"heading.default\">\n\t\t\t\t\t<h2 class=\"elementor-heading-title elementor-size-default\">\u00bfC\u00f3mo funcionan los anuncios de Instagram?<\/h2>\t\t\t\t<\/div>\n\t\t\t\t<div class=\"elementor-element elementor-element-ae76675 elementor-widget elementor-widget-text-editor\" data-id=\"ae76675\" data-element_type=\"widget\" data-e-type=\"widget\" data-widget_type=\"text-editor.default\">\n\t\t\t\t\t\t\t\t\t<div class=\"col-12 col-md-6\"><p data-start=\"257\" data-end=\"624\">Instagram es una de las plataformas m\u00e1s potentes para dar a conocer una marca e impulsar las conversiones, solo superada por Facebook en alcance social global. Con m\u00e1s de <strong data-start=\"420\" data-end=\"450\">mil millones de visitas al mes<\/strong>, Es donde los clientes pasan el tiempo, descubren nuevas marcas y toman decisiones de compra. Si Instagram no forma parte de tu marketing mix, est\u00e1s dejando dinero sobre la mesa.<\/p><p data-start=\"626\" data-end=\"733\">Entonces, \u00bfc\u00f3mo crear campa\u00f1as de Instagram que detengan el scroll y realmente conviertan? Desglos\u00e9moslo.<\/p><\/div>\t\t\t\t\t\t\t\t<\/div>\n\t\t\t\t<\/div>\n\t\t\t\t\t<\/div>\n\t\t\t\t<\/div>\n\t\t<div data-particle_enable=\"false\" data-particle-mobile-disabled=\"false\" class=\"elementor-element elementor-element-c5cd0af e-flex e-con-boxed e-con e-parent\" data-id=\"c5cd0af\" data-element_type=\"container\" data-e-type=\"container\">\n\t\t\t\t\t<div class=\"e-con-inner\">\n\t\t<div data-particle_enable=\"false\" data-particle-mobile-disabled=\"false\" class=\"elementor-element elementor-element-3f2ab1d e-con-full e-flex e-con e-child\" data-id=\"3f2ab1d\" data-element_type=\"container\" data-e-type=\"container\">\n\t\t\t\t<div class=\"elementor-element elementor-element-abfde4a elementor-widget elementor-widget-heading\" data-id=\"abfde4a\" data-element_type=\"widget\" data-e-type=\"widget\" data-widget_type=\"heading.default\">\n\t\t\t\t\t<h2 class=\"elementor-heading-title elementor-size-default\">Por qu\u00e9 los anuncios de Instagram son tan eficaces<\/h2>\t\t\t\t<\/div>\n\t\t\t\t<div class=\"elementor-element elementor-element-4292a9a elementor-widget elementor-widget-text-editor\" data-id=\"4292a9a\" data-element_type=\"widget\" data-e-type=\"widget\" data-widget_type=\"text-editor.default\">\n\t\t\t\t\t\t\t\t\t<p data-start=\"781\" data-end=\"1060\">Instagram es un <strong data-start=\"796\" data-end=\"821\">plataforma visual-first<\/strong>, Esto significa que los anuncios que obtienen mejores resultados utilizan im\u00e1genes llamativas, v\u00eddeos creativos y un dise\u00f1o atractivo que atrae a la gente al instante. Pero los elementos visuales por s\u00ed solos no son suficientes: el texto, la segmentaci\u00f3n y la oferta deben funcionar conjuntamente para obtener resultados.<\/p><p data-start=\"1062\" data-end=\"1272\">Como Instagram es propiedad de Facebook, tambi\u00e9n tienes acceso a las mismas potentes herramientas de segmentaci\u00f3n, desde p\u00fablicos similares hasta retargeting avanzado, lo que garantiza que tus anuncios lleguen a las personas con m\u00e1s probabilidades de conversi\u00f3n.<\/p>\t\t\t\t\t\t\t\t<\/div>\n\t\t\t\t<\/div>\n\t\t<div data-particle_enable=\"false\" data-particle-mobile-disabled=\"false\" class=\"elementor-element elementor-element-a447d29 e-con-full e-flex e-con e-child\" data-id=\"a447d29\" data-element_type=\"container\" data-e-type=\"container\" data-settings=\"{&quot;background_background&quot;:&quot;classic&quot;}\">\n\t\t\t\t<div class=\"elementor-element elementor-element-884972d elementor-widget elementor-widget-image\" data-id=\"884972d\" data-element_type=\"widget\" data-e-type=\"widget\" data-widget_type=\"image.default\">\n\t\t\t\t\t\t\t\t\t\t\t\t\t\t\t<img fetchpriority=\"high\" decoding=\"async\" width=\"1000\" height=\"600\" src=\"https:\/\/markeeplan.com\/wp-content\/uploads\/2025\/08\/ss44.webp\" class=\"attachment-large size-large wp-image-1176\" alt=\"\" srcset=\"https:\/\/markeeplan.com\/wp-content\/uploads\/2025\/08\/ss44.webp 1000w, https:\/\/markeeplan.com\/wp-content\/uploads\/2025\/08\/ss44-300x180.webp 300w, https:\/\/markeeplan.com\/wp-content\/uploads\/2025\/08\/ss44-768x461.webp 768w\" sizes=\"(max-width: 1000px) 100vw, 1000px\" \/>\t\t\t\t\t\t\t\t\t\t\t\t\t\t\t<\/div>\n\t\t\t\t<\/div>\n\t\t\t\t\t<\/div>\n\t\t\t\t<\/div>\n\t\t<div data-particle_enable=\"false\" data-particle-mobile-disabled=\"false\" class=\"elementor-element elementor-element-87e7e37 e-flex e-con-boxed e-con e-parent\" data-id=\"87e7e37\" data-element_type=\"container\" data-e-type=\"container\">\n\t\t\t\t\t<div class=\"e-con-inner\">\n\t\t<div data-particle_enable=\"false\" data-particle-mobile-disabled=\"false\" class=\"elementor-element elementor-element-0f5df9c e-con-full e-flex e-con e-child\" data-id=\"0f5df9c\" data-element_type=\"container\" data-e-type=\"container\">\n\t\t\t\t<div class=\"elementor-element elementor-element-1226d73 elementor-widget elementor-widget-heading\" data-id=\"1226d73\" data-element_type=\"widget\" data-e-type=\"widget\" data-widget_type=\"heading.default\">\n\t\t\t\t\t<h2 class=\"elementor-heading-title elementor-size-default\">Formatos de anuncios en Instagram<\/h2>\t\t\t\t<\/div>\n\t\t\t\t<div class=\"elementor-element elementor-element-1432f01 elementor-widget elementor-widget-text-editor\" data-id=\"1432f01\" data-element_type=\"widget\" data-e-type=\"widget\" data-widget_type=\"text-editor.default\">\n\t\t\t\t\t\t\t\t\t<p data-start=\"1309\" data-end=\"1430\">Ofertas de Instagram <strong data-start=\"1326\" data-end=\"1349\">seis formatos publicitarios principales<\/strong>, que ofrece a las empresas flexibilidad para adaptar el estilo creativo al comportamiento del p\u00fablico:<\/p><ul data-start=\"1432\" data-end=\"1763\"><li data-start=\"1432\" data-end=\"1600\"><p data-start=\"1434\" data-end=\"1600\"><strong data-start=\"1434\" data-end=\"1446\">Alimentar anuncios<\/strong>: Aparecen directamente en la cronolog\u00eda del usuario y se integran perfectamente con el contenido org\u00e1nico. Las opciones incluyen anuncios de fotos, anuncios de v\u00eddeo, anuncios de carrusel y anuncios de presentaci\u00f3n de diapositivas.<\/p><\/li><li data-start=\"1601\" data-end=\"1763\"><p data-start=\"1603\" data-end=\"1763\"><strong data-start=\"1603\" data-end=\"1616\">Anuncios<\/strong>: Experiencias inmersivas a pantalla completa (imagen o v\u00eddeo de hasta 15 segundos) que captan la atenci\u00f3n al instante, especialmente populares entre el p\u00fablico m\u00e1s joven.<\/p><\/li><\/ul><p data-start=\"1765\" data-end=\"1893\">\ud83d\udcca <em data-start=\"1768\" data-end=\"1891\">Consejo profesional: los anuncios de noticias suelen funcionar mejor con audiencias de mayor edad, mientras que los anuncios de historias consiguen una mayor participaci\u00f3n entre los usuarios m\u00e1s j\u00f3venes.<\/em><\/p><p data-start=\"1895\" data-end=\"2056\">No importa cu\u00e1l elijas, los anuncios de Instagram est\u00e1n dise\u00f1ados para parecer nativos, lo que significa que los usuarios a menudo ni siquiera se dan cuenta de que est\u00e1n viendo un anuncio hasta que realizan una acci\u00f3n.<\/p>\t\t\t\t\t\t\t\t<\/div>\n\t\t\t\t<\/div>\n\t\t<div data-particle_enable=\"false\" data-particle-mobile-disabled=\"false\" class=\"elementor-element elementor-element-c107698 e-con-full e-flex e-con e-child\" data-id=\"c107698\" data-element_type=\"container\" data-e-type=\"container\" data-settings=\"{&quot;background_background&quot;:&quot;classic&quot;}\">\n\t\t\t\t<div class=\"elementor-element elementor-element-ea3c0e7 elementor-widget elementor-widget-image\" data-id=\"ea3c0e7\" data-element_type=\"widget\" data-e-type=\"widget\" data-widget_type=\"image.default\">\n\t\t\t\t\t\t\t\t\t\t\t\t\t\t\t<img decoding=\"async\" width=\"1024\" height=\"768\" src=\"https:\/\/markeeplan.com\/wp-content\/uploads\/2025\/08\/Blog-Cover-Image-2-How-to-design-Instagram-ads-01-1024x768.webp\" class=\"attachment-large size-large wp-image-1107\" alt=\"\" srcset=\"https:\/\/markeeplan.com\/wp-content\/uploads\/2025\/08\/Blog-Cover-Image-2-How-to-design-Instagram-ads-01-1024x768.webp 1024w, https:\/\/markeeplan.com\/wp-content\/uploads\/2025\/08\/Blog-Cover-Image-2-How-to-design-Instagram-ads-01-300x225.webp 300w, https:\/\/markeeplan.com\/wp-content\/uploads\/2025\/08\/Blog-Cover-Image-2-How-to-design-Instagram-ads-01-768x576.webp 768w, https:\/\/markeeplan.com\/wp-content\/uploads\/2025\/08\/Blog-Cover-Image-2-How-to-design-Instagram-ads-01.webp 1200w\" sizes=\"(max-width: 1024px) 100vw, 1024px\" \/>\t\t\t\t\t\t\t\t\t\t\t\t\t\t\t<\/div>\n\t\t\t\t<\/div>\n\t\t\t\t\t<\/div>\n\t\t\t\t<\/div>\n\t\t<div data-particle_enable=\"false\" data-particle-mobile-disabled=\"false\" class=\"elementor-element elementor-element-b914512 e-flex e-con-boxed e-con e-parent\" data-id=\"b914512\" data-element_type=\"container\" data-e-type=\"container\">\n\t\t\t\t\t<div class=\"e-con-inner\">\n\t\t\t\t<div class=\"elementor-element elementor-element-57a3f3d elementor-widget elementor-widget-heading\" data-id=\"57a3f3d\" data-element_type=\"widget\" data-e-type=\"widget\" data-widget_type=\"heading.default\">\n\t\t\t\t\t<h2 class=\"elementor-heading-title elementor-size-default\">\u00bfCu\u00e1nto cuestan los anuncios de Instagram?<\/h2>\t\t\t\t<\/div>\n\t\t\t\t<div class=\"elementor-element elementor-element-50551cf elementor-widget elementor-widget-text-editor\" data-id=\"50551cf\" data-element_type=\"widget\" data-e-type=\"widget\" data-widget_type=\"text-editor.default\">\n\t\t\t\t\t\t\t\t\t<p data-start=\"2101\" data-end=\"2286\">\u00bfLa buena noticia? <strong data-start=\"2116\" data-end=\"2144\">Usted controla su presupuesto.<\/strong> Los anuncios de Instagram funcionan con el mismo sistema que los de Facebook, lo que significa que puedes establecer un gasto diario (desde $5\/d\u00eda) e ir aumentando a medida que obtengas resultados.<\/p><p data-start=\"2288\" data-end=\"2520\">En lugar de tirar el dinero en anuncios de bajo rendimiento, Instagram te permite pausar, ajustar y optimizar tus campa\u00f1as en tiempo real. Peque\u00f1os cambios en los elementos visuales, el texto o la segmentaci\u00f3n pueden aumentar dr\u00e1sticamente el rendimiento sin necesidad de gastar m\u00e1s.<\/p><p data-start=\"2522\" data-end=\"2731\">\ud83d\udca1 Los estudios demuestran que <strong data-start=\"2543\" data-end=\"2594\">60% de los usuarios descubren nuevos productos en Instagram<\/strong> y <strong data-start=\"2599\" data-end=\"2637\">75% act\u00faan despu\u00e9s de ver un anuncio<\/strong>\u00a0 lo que convierte a Instagram en una de las plataformas m\u00e1s rentables para hacer crecer tu negocio.<\/p>\t\t\t\t\t\t\t\t<\/div>\n\t\t\t\t\t<\/div>\n\t\t\t\t<\/div>\n\t\t<div data-particle_enable=\"false\" data-particle-mobile-disabled=\"false\" class=\"elementor-element elementor-element-dd54f86 e-flex e-con-boxed e-con e-parent\" data-id=\"dd54f86\" data-element_type=\"container\" data-e-type=\"container\">\n\t\t\t\t\t<div class=\"e-con-inner\">\n\t\t\t\t<div class=\"elementor-element elementor-element-1e0d849 elementor-widget elementor-widget-heading\" data-id=\"1e0d849\" data-element_type=\"widget\" data-e-type=\"widget\" data-widget_type=\"heading.default\">\n\t\t\t\t\t<h2 class=\"elementor-heading-title elementor-size-default\">Por qu\u00e9 tu negocio necesita anuncios en Instagram<\/h2>\t\t\t\t<\/div>\n\t\t\t\t<div class=\"elementor-element elementor-element-872c0c8 elementor-widget elementor-widget-text-editor\" data-id=\"872c0c8\" data-element_type=\"widget\" data-e-type=\"widget\" data-widget_type=\"text-editor.default\">\n\t\t\t\t\t\t\t\t\t<p data-start=\"2101\" data-end=\"2286\">Instagram no es solo para el comercio electr\u00f3nico o las marcas \u201cde moda\u201d. Desde proveedores de servicios locales hasta empresas B2B, la plataforma se ha convertido en un punto de referencia para el descubrimiento, la interacci\u00f3n y las conversiones. Con una segmentaci\u00f3n precisa, creatividades atractivas y un presupuesto inteligente, los anuncios de Instagram pueden convertir a los usuarios ocasionales en clientes fieles.<\/p>\t\t\t\t\t\t\t\t<\/div>\n\t\t\t\t\t<\/div>\n\t\t\t\t<\/div>\n\t\t\t\t<\/div>","protected":false},"excerpt":{"rendered":"<p>How Do Instagram Ads Work? Instagram is one of the most powerful platforms for building brand awareness and driving conversions-second [&hellip;]<\/p>\n","protected":false},"author":6,"featured_media":0,"parent":0,"menu_order":0,"comment_status":"closed","ping_status":"closed","template":"elementor_header_footer","meta":{"site-sidebar-layout":"no-sidebar","site-content-layout":"","ast-site-content-layout":"full-width-container","site-content-style":"default","site-sidebar-style":"default","ast-global-header-display":"","ast-banner-title-visibility":"","ast-main-header-display":"","ast-hfb-above-header-display":"","ast-hfb-below-header-display":"","ast-hfb-mobile-header-display":"","site-post-title":"","ast-breadcrumbs-content":"","ast-featured-img":"disabled","footer-sml-layout":"","ast-disable-related-posts":"","theme-transparent-header-meta":"","adv-header-id-meta":"","stick-header-meta":"","header-above-stick-meta":"","header-main-stick-meta":"","header-below-stick-meta":"","astra-migrate-meta-layouts":"default","ast-page-background-enabled":"default","ast-page-background-meta":{"desktop":{"background-color":"var(--ast-global-color-5)","background-image":"","background-repeat":"repeat","background-position":"center center","background-size":"auto","background-attachment":"scroll","background-type":"","background-media":"","overlay-type":"","overlay-color":"","overlay-opacity":"","overlay-gradient":""},"tablet":{"background-color":"","background-image":"","background-repeat":"repeat","background-position":"center center","background-size":"auto","background-attachment":"scroll","background-type":"","background-media":"","overlay-type":"","overlay-color":"","overlay-opacity":"","overlay-gradient":""},"mobile":{"background-color":"","background-image":"","background-repeat":"repeat","background-position":"center center","background-size":"auto","background-attachment":"scroll","background-type":"","background-media":"","overlay-type":"","overlay-color":"","overlay-opacity":"","overlay-gradient":""}},"ast-content-background-meta":{"desktop":{"background-color":"var(--ast-global-color-4)","background-image":"","background-repeat":"repeat","background-position":"center center","background-size":"auto","background-attachment":"scroll","background-type":"","background-media":"","overlay-type":"","overlay-color":"","overlay-opacity":"","overlay-gradient":""},"tablet":{"background-color":"var(--ast-global-color-4)","background-image":"","background-repeat":"repeat","background-position":"center center","background-size":"auto","background-attachment":"scroll","background-type":"","background-media":"","overlay-type":"","overlay-color":"","overlay-opacity":"","overlay-gradient":""},"mobile":{"background-color":"var(--ast-global-color-4)","background-image":"","background-repeat":"repeat","background-position":"center center","background-size":"auto","background-attachment":"scroll","background-type":"","background-media":"","overlay-type":"","overlay-color":"","overlay-opacity":"","overlay-gradient":""}},"footnotes":""},"class_list":["post-741","page","type-page","status-publish","hentry"],"_links":{"self":[{"href":"https:\/\/markeeplan.com\/es\/wp-json\/wp\/v2\/pages\/741","targetHints":{"allow":["GET"]}}],"collection":[{"href":"https:\/\/markeeplan.com\/es\/wp-json\/wp\/v2\/pages"}],"about":[{"href":"https:\/\/markeeplan.com\/es\/wp-json\/wp\/v2\/types\/page"}],"author":[{"embeddable":true,"href":"https:\/\/markeeplan.com\/es\/wp-json\/wp\/v2\/users\/6"}],"replies":[{"embeddable":true,"href":"https:\/\/markeeplan.com\/es\/wp-json\/wp\/v2\/comments?post=741"}],"version-history":[{"count":1,"href":"https:\/\/markeeplan.com\/es\/wp-json\/wp\/v2\/pages\/741\/revisions"}],"predecessor-version":[{"id":1979,"href":"https:\/\/markeeplan.com\/es\/wp-json\/wp\/v2\/pages\/741\/revisions\/1979"}],"wp:attachment":[{"href":"https:\/\/markeeplan.com\/es\/wp-json\/wp\/v2\/media?parent=741"}],"curies":[{"name":"wp","href":"https:\/\/api.w.org\/{rel}","templated":true}]}}