{"id":733,"date":"2025-08-12T11:56:14","date_gmt":"2025-08-12T11:56:14","guid":{"rendered":"https:\/\/markeeplan.com\/?page_id=733"},"modified":"2025-12-15T12:11:53","modified_gmt":"2025-12-15T12:11:53","slug":"facebook-ads","status":"publish","type":"page","link":"https:\/\/markeeplan.com\/es\/facebook-ads\/","title":{"rendered":"Anuncios en Facebook"},"content":{"rendered":"<div data-elementor-type=\"wp-page\" data-elementor-id=\"733\" class=\"elementor elementor-733\" data-elementor-post-type=\"page\">\n\t\t\t\t<div data-particle_enable=\"false\" data-particle-mobile-disabled=\"false\" class=\"elementor-element elementor-element-69078a6 e-flex e-con-boxed e-con e-parent\" data-id=\"69078a6\" data-element_type=\"container\" data-e-type=\"container\" data-settings=\"{&quot;background_background&quot;:&quot;classic&quot;}\">\n\t\t\t\t\t<div class=\"e-con-inner\">\n\t\t<div data-particle_enable=\"false\" data-particle-mobile-disabled=\"false\" class=\"elementor-element elementor-element-4f675ce e-con-full e-flex e-con e-child\" data-id=\"4f675ce\" data-element_type=\"container\" data-e-type=\"container\">\n\t\t\t\t<div class=\"elementor-element elementor-element-c6e95bc elementor-widget elementor-widget-heading\" data-id=\"c6e95bc\" data-element_type=\"widget\" data-e-type=\"widget\" data-widget_type=\"heading.default\">\n\t\t\t\t\t<h2 class=\"elementor-heading-title elementor-size-default\">\u00bfPor qu\u00e9 utilizar los anuncios de Facebook?<\/h2>\t\t\t\t<\/div>\n\t\t\t\t<div class=\"elementor-element elementor-element-4b716b6 elementor-widget elementor-widget-text-editor\" data-id=\"4b716b6\" data-element_type=\"widget\" data-e-type=\"widget\" data-widget_type=\"text-editor.default\">\n\t\t\t\t\t\t\t\t\t<div class=\"col-12 col-md-6\"><p data-start=\"260\" data-end=\"495\">Con m\u00e1s de <strong data-start=\"270\" data-end=\"298\">2 900 millones de usuarios activos<\/strong>, Facebook sigue siendo la red social m\u00e1s poderosa del mundo. Casi todos los grupos de edad, profesiones e intereses est\u00e1n representados, lo que la convierte en el lugar ideal para conectar con tu pr\u00f3ximo cliente.<\/p><p data-start=\"497\" data-end=\"793\">As\u00ed que la verdadera pregunta es: <strong data-start=\"523\" data-end=\"571\">\u00bfpor qu\u00e9 no anunciarse en Facebook?<\/strong> Es una de las herramientas de marketing digital m\u00e1s asequibles y precisas que existen. Desde la ubicaci\u00f3n y los datos demogr\u00e1ficos hasta el comportamiento de compra y los intereses, Facebook te permite poner tu negocio frente a las personas que m\u00e1s importan.<\/p><p data-start=\"795\" data-end=\"936\">Imagina llegar a miles de clientes potenciales cualificados por el precio de un caf\u00e9. Ese es el poder de Facebook Ads, y ah\u00ed es donde entramos nosotros.<\/p><\/div>\t\t\t\t\t\t\t\t<\/div>\n\t\t\t\t<\/div>\n\t\t\t\t\t<\/div>\n\t\t\t\t<\/div>\n\t\t<div data-particle_enable=\"false\" data-particle-mobile-disabled=\"false\" class=\"elementor-element elementor-element-4217b1c e-flex e-con-boxed e-con e-parent\" data-id=\"4217b1c\" data-element_type=\"container\" data-e-type=\"container\">\n\t\t\t\t\t<div class=\"e-con-inner\">\n\t\t<div data-particle_enable=\"false\" data-particle-mobile-disabled=\"false\" class=\"elementor-element elementor-element-e474361 e-con-full e-flex e-con e-child\" data-id=\"e474361\" data-element_type=\"container\" data-e-type=\"container\">\n\t\t\t\t<div class=\"elementor-element elementor-element-b9f1943 elementor-widget elementor-widget-heading\" data-id=\"b9f1943\" data-element_type=\"widget\" data-e-type=\"widget\" data-widget_type=\"heading.default\">\n\t\t\t\t\t<h2 class=\"elementor-heading-title elementor-size-default\">\u00bfC\u00f3mo funcionan los anuncios de Facebook?<\/h2>\t\t\t\t<\/div>\n\t\t\t\t<div class=\"elementor-element elementor-element-e6b3257 elementor-widget elementor-widget-text-editor\" data-id=\"e6b3257\" data-element_type=\"widget\" data-e-type=\"widget\" data-widget_type=\"text-editor.default\">\n\t\t\t\t\t\t\t\t\t<p data-start=\"973\" data-end=\"1179\">El sistema de anuncios de Facebook est\u00e1 dise\u00f1ado para ayudarte a obtener resultados sin derrochar presupuesto. Puedes mostrar tus productos, compartir contenidos atractivos o destacar servicios de forma que despierten inter\u00e9s y generen clics.<\/p><p data-start=\"1181\" data-end=\"1508\">La segmentaci\u00f3n es muy precisa: Elige por edad, sexo, intereses, comportamiento o incluso c\u00f3digos postales exactos. Gracias a los potentes algoritmos de Facebook, tus anuncios encontrar\u00e1n autom\u00e1ticamente a las personas con m\u00e1s probabilidades de comprarte. Todo lo que se necesita es una estrategia inteligente, un presupuesto definido y la creatividad adecuada, y eso es exactamente lo que creamos para nuestros clientes.<\/p>\t\t\t\t\t\t\t\t<\/div>\n\t\t\t\t<\/div>\n\t\t\t\t\t<\/div>\n\t\t\t\t<\/div>\n\t\t<div data-particle_enable=\"false\" data-particle-mobile-disabled=\"false\" class=\"elementor-element elementor-element-b0df0b5 e-flex e-con-boxed e-con e-parent\" data-id=\"b0df0b5\" data-element_type=\"container\" data-e-type=\"container\">\n\t\t\t\t\t<div class=\"e-con-inner\">\n\t\t<div data-particle_enable=\"false\" data-particle-mobile-disabled=\"false\" class=\"elementor-element elementor-element-8e5e578 e-con-full e-flex e-con e-child\" data-id=\"8e5e578\" data-element_type=\"container\" data-e-type=\"container\">\n\t\t\t\t<div class=\"elementor-element elementor-element-29bf3c2 elementor-widget elementor-widget-heading\" data-id=\"29bf3c2\" data-element_type=\"widget\" data-e-type=\"widget\" data-widget_type=\"heading.default\">\n\t\t\t\t\t<h2 class=\"elementor-heading-title elementor-size-default\">C\u00f3mo crear un buen anuncio en Facebook<\/h2>\t\t\t\t<\/div>\n\t\t\t\t<div class=\"elementor-element elementor-element-584ae9f elementor-widget elementor-widget-text-editor\" data-id=\"584ae9f\" data-element_type=\"widget\" data-e-type=\"widget\" data-widget_type=\"text-editor.default\">\n\t\t\t\t\t\t\t\t\t<p data-start=\"1553\" data-end=\"1724\">El p\u00fablico actual es bombardeado constantemente con anuncios, desde la televisi\u00f3n a las vallas publicitarias, pasando por las redes sociales. El truco no est\u00e1 en gritar m\u00e1s alto. <strong data-start=\"1702\" data-end=\"1721\">con\u00e9ctate de forma m\u00e1s inteligente<\/strong>.<\/p><p data-start=\"1726\" data-end=\"1944\">Por eso, los mejores anuncios de Facebook son sutiles, cercanos y coherentes. En lugar de insistir en las ventas, creamos campa\u00f1as que <strong data-start=\"1854\" data-end=\"1878\">ganarse la confianza con el tiempo<\/strong>, convirtiendo la curiosidad en clics y los clics en clientes fieles.<\/p><p data-start=\"1946\" data-end=\"2196\">Una vez que el usuario entra en su sitio web, le ofrecemos la misma experiencia de \u201cventa suave\u201d, orientando a los que est\u00e1n listos para comprar y cuidando a los que a\u00fan est\u00e1n explorando. Este enfoque equilibrado crea relaciones que conducen a mayores conversiones y crecimiento a largo plazo.<\/p>\t\t\t\t\t\t\t\t<\/div>\n\t\t\t\t<\/div>\n\t\t\t\t\t<\/div>\n\t\t\t\t<\/div>\n\t\t<div data-particle_enable=\"false\" data-particle-mobile-disabled=\"false\" class=\"elementor-element elementor-element-e2ae58d e-flex e-con-boxed e-con e-parent\" data-id=\"e2ae58d\" data-element_type=\"container\" data-e-type=\"container\" data-settings=\"{&quot;background_background&quot;:&quot;classic&quot;}\">\n\t\t\t\t\t<div class=\"e-con-inner\">\n\t\t\t\t<div class=\"elementor-element elementor-element-8c1aed7 elementor-widget elementor-widget-heading\" data-id=\"8c1aed7\" data-element_type=\"widget\" data-e-type=\"widget\" data-widget_type=\"heading.default\">\n\t\t\t\t\t<h2 class=\"elementor-heading-title elementor-size-default\">C\u00f3mo le ayuda nuestra agencia a ganar\n<\/h2>\t\t\t\t<\/div>\n\t\t\t\t<div class=\"elementor-element elementor-element-545c275 elementor-widget elementor-widget-text-editor\" data-id=\"545c275\" data-element_type=\"widget\" data-e-type=\"widget\" data-widget_type=\"text-editor.default\">\n\t\t\t\t\t\t\t\t\t<p data-start=\"2744\" data-end=\"2953\">En <strong data-start=\"2747\" data-end=\"2761\">MarkeePlan<\/strong>, vamos m\u00e1s all\u00e1 de la mera publicaci\u00f3n de anuncios. Dise\u00f1amos <strong data-start=\"2806\" data-end=\"2829\">campa\u00f1as estrat\u00e9gicas<\/strong> a la medida de sus objetivos empresariales, combinando creatividad, datos y precisi\u00f3n para garantizar que cada d\u00f3lar rinda m\u00e1s.<\/p><p data-start=\"2955\" data-end=\"2978\">Nuestros servicios incluyen:<\/p><ul data-start=\"2979\" data-end=\"3179\"><li data-start=\"2979\" data-end=\"3025\"><p data-start=\"2981\" data-end=\"3025\">Creatividades publicitarias llamativas y que se desplazan por la pantalla<\/p><\/li><li data-start=\"3026\" data-end=\"3074\"><p data-start=\"3028\" data-end=\"3074\">Segmentaci\u00f3n avanzada de la audiencia<\/p><\/li><li data-start=\"3075\" data-end=\"3127\"><p data-start=\"3077\" data-end=\"3127\">Supervisi\u00f3n y optimizaci\u00f3n continuas del rendimiento<\/p><\/li><li data-start=\"3128\" data-end=\"3179\"><p data-start=\"3130\" data-end=\"3179\">Informes basados en datos realmente comprensibles<\/p><\/li><\/ul><p data-start=\"3181\" data-end=\"3394\">Como agencia inbound, no nos limitamos a vender, sino que atraemos, fidelizamos y generamos confianza. Si gestionamos tus anuncios de Facebook e Instagram, ahorrar\u00e1s un tiempo valioso y sabr\u00e1s que tus campa\u00f1as est\u00e1n en manos expertas.<\/p><p data-start=\"3396\" data-end=\"3477\">\ud83d\udc49 Deja que nosotros nos centremos en hacer crecer tus ventas mientras t\u00fa te centras en hacer crecer tu negocio.<\/p>\t\t\t\t\t\t\t\t<\/div>\n\t\t\t\t\t<\/div>\n\t\t\t\t<\/div>\n\t\t<div data-particle_enable=\"false\" data-particle-mobile-disabled=\"false\" class=\"elementor-element elementor-element-38f0c42 e-flex e-con-boxed e-con e-parent\" data-id=\"38f0c42\" data-element_type=\"container\" data-e-type=\"container\">\n\t\t\t\t\t<div class=\"e-con-inner\">\n\t\t<div data-particle_enable=\"false\" data-particle-mobile-disabled=\"false\" class=\"elementor-element elementor-element-328822e e-con-full e-flex e-con e-child\" data-id=\"328822e\" data-element_type=\"container\" data-e-type=\"container\">\n\t\t\t\t<div class=\"elementor-element elementor-element-89956b0 elementor-widget elementor-widget-heading\" data-id=\"89956b0\" data-element_type=\"widget\" data-e-type=\"widget\" data-widget_type=\"heading.default\">\n\t\t\t\t\t<h2 class=\"elementor-heading-title elementor-size-default\">Otras ventajas de los anuncios en Facebook<\/h2>\t\t\t\t<\/div>\n\t\t\t\t<div class=\"elementor-element elementor-element-0c17fb6 elementor-widget elementor-widget-text-editor\" data-id=\"0c17fb6\" data-element_type=\"widget\" data-e-type=\"widget\" data-widget_type=\"text-editor.default\">\n\t\t\t\t\t\t\t\t\t<ul data-start=\"2238\" data-end=\"2603\"><li data-start=\"2238\" data-end=\"2322\"><p data-start=\"2240\" data-end=\"2322\">\ud83d\ude80 <strong data-start=\"2243\" data-end=\"2262\">Resultados instant\u00e1neos<\/strong>: Sus anuncios pueden llegar a miles de personas a las pocas horas de publicarse.<\/p><\/li><li data-start=\"2323\" data-end=\"2408\"><p data-start=\"2325\" data-end=\"2408\">\ud83d\udcca <strong data-start=\"2328\" data-end=\"2345\">ROI rastreable<\/strong>: Cada clic, vista y conversi\u00f3n se mide en tiempo real.<\/p><\/li><li data-start=\"2409\" data-end=\"2489\"><p data-start=\"2411\" data-end=\"2489\">\ud83c\udf0d <strong data-start=\"2414\" data-end=\"2430\">Prueba social<\/strong>: Las rese\u00f1as, las comparticiones y los comentarios amplifican su credibilidad.<\/p><\/li><li data-start=\"2490\" data-end=\"2603\"><p data-start=\"2492\" data-end=\"2603\">\ud83d\udcb0 <strong data-start=\"2495\" data-end=\"2520\">Crecimiento rentable<\/strong>: Aumente la notoriedad de su marca y sus ventas por una fracci\u00f3n de los costes de la publicidad tradicional.<\/p><\/li><\/ul><p data-start=\"2605\" data-end=\"2704\">Si se hacen bien, los anuncios de Facebook no s\u00f3lo atraen tr\u00e1fico, sino tambi\u00e9n compradores cualificados listos para convertir.<\/p>\t\t\t\t\t\t\t\t<\/div>\n\t\t\t\t<\/div>\n\t\t\t\t\t<\/div>\n\t\t\t\t<\/div>\n\t\t\t\t<\/div>","protected":false},"excerpt":{"rendered":"<p>Why Use Facebook Ads? With over 2.9 billion active users, Facebook remains the world\u2019s most powerful social media platform. Nearly [&hellip;]<\/p>\n","protected":false},"author":6,"featured_media":0,"parent":0,"menu_order":0,"comment_status":"closed","ping_status":"closed","template":"elementor_header_footer","meta":{"site-sidebar-layout":"no-sidebar","site-content-layout":"","ast-site-content-layout":"full-width-container","site-content-style":"default","site-sidebar-style":"default","ast-global-header-display":"","ast-banner-title-visibility":"","ast-main-header-display":"","ast-hfb-above-header-display":"","ast-hfb-below-header-display":"","ast-hfb-mobile-header-display":"","site-post-title":"","ast-breadcrumbs-content":"","ast-featured-img":"disabled","footer-sml-layout":"","ast-disable-related-posts":"","theme-transparent-header-meta":"","adv-header-id-meta":"","stick-header-meta":"","header-above-stick-meta":"","header-main-stick-meta":"","header-below-stick-meta":"","astra-migrate-meta-layouts":"default","ast-page-background-enabled":"default","ast-page-background-meta":{"desktop":{"background-color":"var(--ast-global-color-5)","background-image":"","background-repeat":"repeat","background-position":"center center","background-size":"auto","background-attachment":"scroll","background-type":"","background-media":"","overlay-type":"","overlay-color":"","overlay-opacity":"","overlay-gradient":""},"tablet":{"background-color":"","background-image":"","background-repeat":"repeat","background-position":"center center","background-size":"auto","background-attachment":"scroll","background-type":"","background-media":"","overlay-type":"","overlay-color":"","overlay-opacity":"","overlay-gradient":""},"mobile":{"background-color":"","background-image":"","background-repeat":"repeat","background-position":"center center","background-size":"auto","background-attachment":"scroll","background-type":"","background-media":"","overlay-type":"","overlay-color":"","overlay-opacity":"","overlay-gradient":""}},"ast-content-background-meta":{"desktop":{"background-color":"var(--ast-global-color-4)","background-image":"","background-repeat":"repeat","background-position":"center center","background-size":"auto","background-attachment":"scroll","background-type":"","background-media":"","overlay-type":"","overlay-color":"","overlay-opacity":"","overlay-gradient":""},"tablet":{"background-color":"var(--ast-global-color-4)","background-image":"","background-repeat":"repeat","background-position":"center center","background-size":"auto","background-attachment":"scroll","background-type":"","background-media":"","overlay-type":"","overlay-color":"","overlay-opacity":"","overlay-gradient":""},"mobile":{"background-color":"var(--ast-global-color-4)","background-image":"","background-repeat":"repeat","background-position":"center center","background-size":"auto","background-attachment":"scroll","background-type":"","background-media":"","overlay-type":"","overlay-color":"","overlay-opacity":"","overlay-gradient":""}},"footnotes":""},"class_list":["post-733","page","type-page","status-publish","hentry"],"_links":{"self":[{"href":"https:\/\/markeeplan.com\/es\/wp-json\/wp\/v2\/pages\/733","targetHints":{"allow":["GET"]}}],"collection":[{"href":"https:\/\/markeeplan.com\/es\/wp-json\/wp\/v2\/pages"}],"about":[{"href":"https:\/\/markeeplan.com\/es\/wp-json\/wp\/v2\/types\/page"}],"author":[{"embeddable":true,"href":"https:\/\/markeeplan.com\/es\/wp-json\/wp\/v2\/users\/6"}],"replies":[{"embeddable":true,"href":"https:\/\/markeeplan.com\/es\/wp-json\/wp\/v2\/comments?post=733"}],"version-history":[{"count":1,"href":"https:\/\/markeeplan.com\/es\/wp-json\/wp\/v2\/pages\/733\/revisions"}],"predecessor-version":[{"id":1978,"href":"https:\/\/markeeplan.com\/es\/wp-json\/wp\/v2\/pages\/733\/revisions\/1978"}],"wp:attachment":[{"href":"https:\/\/markeeplan.com\/es\/wp-json\/wp\/v2\/media?parent=733"}],"curies":[{"name":"wp","href":"https:\/\/api.w.org\/{rel}","templated":true}]}}