{"id":11,"date":"2025-08-02T05:48:20","date_gmt":"2025-08-02T05:48:20","guid":{"rendered":"https:\/\/markeeplan.com\/?page_id=11"},"modified":"2025-11-10T16:04:28","modified_gmt":"2025-11-10T16:04:28","slug":"digital-ads-marketing-insights-markeeplan-blog","status":"publish","type":"page","link":"https:\/\/markeeplan.com\/es\/digital-ads-marketing-insights-markeeplan-blog\/","title":{"rendered":"Blog"},"content":{"rendered":"<div data-elementor-type=\"wp-page\" data-elementor-id=\"11\" class=\"elementor elementor-11\" data-elementor-post-type=\"page\">\n\t\t\t\t<div data-particle_enable=\"false\" data-particle-mobile-disabled=\"false\" class=\"elementor-element elementor-element-6be4699 e-flex e-con-boxed e-con e-parent\" data-id=\"6be4699\" data-element_type=\"container\" data-e-type=\"container\" data-settings=\"{&quot;background_background&quot;:&quot;classic&quot;}\">\n\t\t\t\t\t<div class=\"e-con-inner\">\n\t\t<div data-particle_enable=\"false\" data-particle-mobile-disabled=\"false\" class=\"elementor-element elementor-element-af69ca2 e-con-full e-flex e-con e-child\" data-id=\"af69ca2\" data-element_type=\"container\" data-e-type=\"container\">\n\t\t\t\t<div class=\"elementor-element elementor-element-03c4af8 elementor-widget__width-initial elementor-widget elementor-widget-heading\" data-id=\"03c4af8\" data-element_type=\"widget\" data-e-type=\"widget\" data-widget_type=\"heading.default\">\n\t\t\t\t\t<h2 class=\"elementor-heading-title elementor-size-default\">Mant\u00e9ngase al d\u00eda de las \u00faltimas tendencias digitales y mucho m\u00e1s.\n<\/h2>\t\t\t\t<\/div>\n\t\t\t\t<\/div>\n\t\t\t\t\t<\/div>\n\t\t\t\t<\/div>\n\t\t<div data-particle_enable=\"false\" data-particle-mobile-disabled=\"false\" class=\"elementor-element elementor-element-8f6af84 e-flex e-con-boxed e-con e-parent\" data-id=\"8f6af84\" data-element_type=\"container\" data-e-type=\"container\">\n\t\t\t\t\t<div class=\"e-con-inner\">\n\t\t\t\t<div class=\"elementor-element elementor-element-af35574 elementor-grid-3 elementor-grid-tablet-2 elementor-grid-mobile-1 elementor-posts--thumbnail-top elementor-card-shadow-yes elementor-posts__hover-gradient elementor-widget elementor-widget-posts\" data-id=\"af35574\" data-element_type=\"widget\" data-e-type=\"widget\" data-settings=\"{&quot;pagination_type&quot;:&quot;numbers&quot;,&quot;cards_columns&quot;:&quot;3&quot;,&quot;cards_columns_tablet&quot;:&quot;2&quot;,&quot;cards_columns_mobile&quot;:&quot;1&quot;,&quot;cards_row_gap&quot;:{&quot;unit&quot;:&quot;px&quot;,&quot;size&quot;:35,&quot;sizes&quot;:[]},&quot;cards_row_gap_tablet&quot;:{&quot;unit&quot;:&quot;px&quot;,&quot;size&quot;:&quot;&quot;,&quot;sizes&quot;:[]},&quot;cards_row_gap_mobile&quot;:{&quot;unit&quot;:&quot;px&quot;,&quot;size&quot;:&quot;&quot;,&quot;sizes&quot;:[]}}\" data-widget_type=\"posts.cards\">\n\t\t\t\t<div class=\"elementor-widget-container\">\n\t\t\t\t\t\t\t<div class=\"elementor-posts-container elementor-posts elementor-posts--skin-cards elementor-grid\">\n\t\t\t\t<article class=\"elementor-post elementor-grid-item post-1868 post type-post status-publish format-standard has-post-thumbnail hentry category-uncategorized\">\n\t\t\t<div class=\"elementor-post__card\">\n\t\t\t\t<a class=\"elementor-post__thumbnail__link\" href=\"https:\/\/markeeplan.com\/es\/winning-without-clicks-the-rise-of-zero-click-ppc\/\" tabindex=\"-1\" ><div class=\"elementor-post__thumbnail\"><img fetchpriority=\"high\" decoding=\"async\" width=\"300\" height=\"200\" src=\"https:\/\/markeeplan.com\/wp-content\/uploads\/2025\/11\/55cad3fb-514e-43c2-a373-d2b362de9471-1-300x200.jpg\" class=\"attachment-medium size-medium wp-image-1876\" alt=\"\" srcset=\"https:\/\/markeeplan.com\/wp-content\/uploads\/2025\/11\/55cad3fb-514e-43c2-a373-d2b362de9471-1-300x200.jpg 300w, https:\/\/markeeplan.com\/wp-content\/uploads\/2025\/11\/55cad3fb-514e-43c2-a373-d2b362de9471-1-1024x682.jpg 1024w, https:\/\/markeeplan.com\/wp-content\/uploads\/2025\/11\/55cad3fb-514e-43c2-a373-d2b362de9471-1-768x512.jpg 768w, https:\/\/markeeplan.com\/wp-content\/uploads\/2025\/11\/55cad3fb-514e-43c2-a373-d2b362de9471-1.jpg 1280w\" sizes=\"(max-width: 300px) 100vw, 300px\" \/><\/div><\/a>\n\t\t\t\t<div class=\"elementor-post__badge\">Sin categor\u00eda<\/div>\n\t\t\t\t<div class=\"elementor-post__text\">\n\t\t\t\t<h3 class=\"elementor-post__title\">\n\t\t\t<a href=\"https:\/\/markeeplan.com\/es\/winning-without-clicks-the-rise-of-zero-click-ppc\/\" >\n\t\t\t\tGanar sin clics: El auge del PPC sin clics\t\t\t<\/a>\n\t\t<\/h3>\n\t\t\t\t<div class=\"elementor-post__excerpt\">\n\t\t\t<p>Cero clics no significa cero resultados. A medida que las b\u00fasquedas basadas en IA responden a m\u00e1s preguntas directamente en la p\u00e1gina de resultados, los anunciantes deben aprender a<\/p>\n\t\t<\/div>\n\t\t\n\t\t<a class=\"elementor-post__read-more\" href=\"https:\/\/markeeplan.com\/es\/winning-without-clicks-the-rise-of-zero-click-ppc\/\" aria-label=\"Read more about Winning Without Clicks: The Rise of Zero-Click PPC\" tabindex=\"-1\" >\n\t\t\tLeer M\u00e1s \u00bb\t\t<\/a>\n\n\t\t\t\t<\/div>\n\t\t\t\t<div class=\"elementor-post__meta-data\">\n\t\t\t\t\t<span class=\"elementor-post-date\">\n\t\t\t10 de noviembre de 2025\t\t<\/span>\n\t\t\t\t<span class=\"elementor-post-avatar\">\n\t\t\tNo hay comentarios\t\t<\/span>\n\t\t\t\t<\/div>\n\t\t\t\t\t<\/div>\n\t\t<\/article>\n\t\t\t\t<article class=\"elementor-post elementor-grid-item post-1866 post type-post status-publish format-standard has-post-thumbnail hentry category-uncategorized\">\n\t\t\t<div class=\"elementor-post__card\">\n\t\t\t\t<a class=\"elementor-post__thumbnail__link\" href=\"https:\/\/markeeplan.com\/es\/ai-marketing-in-action-predictive-targeting-and-real-time-personalization\/\" tabindex=\"-1\" ><div class=\"elementor-post__thumbnail\"><img decoding=\"async\" width=\"300\" height=\"300\" src=\"https:\/\/markeeplan.com\/wp-content\/uploads\/2025\/11\/download-6-1-300x300.png\" class=\"attachment-medium size-medium wp-image-1875\" alt=\"\" srcset=\"https:\/\/markeeplan.com\/wp-content\/uploads\/2025\/11\/download-6-1-300x300.png 300w, https:\/\/markeeplan.com\/wp-content\/uploads\/2025\/11\/download-6-1-150x150.png 150w, https:\/\/markeeplan.com\/wp-content\/uploads\/2025\/11\/download-6-1-768x768.png 768w, https:\/\/markeeplan.com\/wp-content\/uploads\/2025\/11\/download-6-1.png 800w\" sizes=\"(max-width: 300px) 100vw, 300px\" \/><\/div><\/a>\n\t\t\t\t<div class=\"elementor-post__badge\">Sin categor\u00eda<\/div>\n\t\t\t\t<div class=\"elementor-post__text\">\n\t\t\t\t<h3 class=\"elementor-post__title\">\n\t\t\t<a href=\"https:\/\/markeeplan.com\/es\/ai-marketing-in-action-predictive-targeting-and-real-time-personalization\/\" >\n\t\t\t\tAI Marketing en acci\u00f3n: Segmentaci\u00f3n predictiva y personalizaci\u00f3n en tiempo real\t\t\t<\/a>\n\t\t<\/h3>\n\t\t\t\t<div class=\"elementor-post__excerpt\">\n\t\t\t<p>Olv\u00eddese de las palabras de moda: en marketing, la inteligencia artificial se basa en la anticipaci\u00f3n. Se trata de ver lo que su p\u00fablico quiere antes de que ellos lo hagan. MarkeePlan utiliza<\/p>\n\t\t<\/div>\n\t\t\n\t\t<a class=\"elementor-post__read-more\" href=\"https:\/\/markeeplan.com\/es\/ai-marketing-in-action-predictive-targeting-and-real-time-personalization\/\" aria-label=\"Read more about AI Marketing in Action: Predictive Targeting and Real-Time Personalization\" tabindex=\"-1\" >\n\t\t\tLeer M\u00e1s \u00bb\t\t<\/a>\n\n\t\t\t\t<\/div>\n\t\t\t\t<div class=\"elementor-post__meta-data\">\n\t\t\t\t\t<span class=\"elementor-post-date\">\n\t\t\t10 de noviembre de 2025\t\t<\/span>\n\t\t\t\t<span class=\"elementor-post-avatar\">\n\t\t\tNo hay comentarios\t\t<\/span>\n\t\t\t\t<\/div>\n\t\t\t\t\t<\/div>\n\t\t<\/article>\n\t\t\t\t<article class=\"elementor-post elementor-grid-item post-1864 post type-post status-publish format-standard has-post-thumbnail hentry category-uncategorized\">\n\t\t\t<div class=\"elementor-post__card\">\n\t\t\t\t<a class=\"elementor-post__thumbnail__link\" href=\"https:\/\/markeeplan.com\/es\/the-2025-ppc-landscape-privacy-voice-and-performance-reinvented\/\" tabindex=\"-1\" ><div class=\"elementor-post__thumbnail\"><img decoding=\"async\" width=\"300\" height=\"200\" src=\"https:\/\/markeeplan.com\/wp-content\/uploads\/2025\/11\/e93a4eed-a43c-4158-8030-6b268123ff77-1-300x200.jpg\" class=\"attachment-medium size-medium wp-image-1874\" alt=\"\" srcset=\"https:\/\/markeeplan.com\/wp-content\/uploads\/2025\/11\/e93a4eed-a43c-4158-8030-6b268123ff77-1-300x200.jpg 300w, https:\/\/markeeplan.com\/wp-content\/uploads\/2025\/11\/e93a4eed-a43c-4158-8030-6b268123ff77-1-1024x682.jpg 1024w, https:\/\/markeeplan.com\/wp-content\/uploads\/2025\/11\/e93a4eed-a43c-4158-8030-6b268123ff77-1-768x512.jpg 768w, https:\/\/markeeplan.com\/wp-content\/uploads\/2025\/11\/e93a4eed-a43c-4158-8030-6b268123ff77-1.jpg 1280w\" sizes=\"(max-width: 300px) 100vw, 300px\" \/><\/div><\/a>\n\t\t\t\t<div class=\"elementor-post__badge\">Sin categor\u00eda<\/div>\n\t\t\t\t<div class=\"elementor-post__text\">\n\t\t\t\t<h3 class=\"elementor-post__title\">\n\t\t\t<a href=\"https:\/\/markeeplan.com\/es\/the-2025-ppc-landscape-privacy-voice-and-performance-reinvented\/\" >\n\t\t\t\tEl panorama del PPC en 2025: Privacidad, voz y rendimiento reinventados\t\t\t<\/a>\n\t\t<\/h3>\n\t\t\t\t<div class=\"elementor-post__excerpt\">\n\t\t\t<p>El mundo del PPC est\u00e1 cambiando r\u00e1pidamente. Las cookies est\u00e1n desapareciendo, la b\u00fasqueda por voz est\u00e1 aumentando y la atribuci\u00f3n por fin est\u00e1 creciendo. Si<\/p>\n\t\t<\/div>\n\t\t\n\t\t<a class=\"elementor-post__read-more\" href=\"https:\/\/markeeplan.com\/es\/the-2025-ppc-landscape-privacy-voice-and-performance-reinvented\/\" aria-label=\"Read more about The 2025 PPC Landscape: Privacy, Voice, and Performance Reinvented\" tabindex=\"-1\" >\n\t\t\tLeer M\u00e1s \u00bb\t\t<\/a>\n\n\t\t\t\t<\/div>\n\t\t\t\t<div class=\"elementor-post__meta-data\">\n\t\t\t\t\t<span class=\"elementor-post-date\">\n\t\t\t10 de noviembre de 2025\t\t<\/span>\n\t\t\t\t<span class=\"elementor-post-avatar\">\n\t\t\tNo hay comentarios\t\t<\/span>\n\t\t\t\t<\/div>\n\t\t\t\t\t<\/div>\n\t\t<\/article>\n\t\t\t\t<article class=\"elementor-post elementor-grid-item post-1862 post type-post status-publish format-standard has-post-thumbnail hentry category-uncategorized\">\n\t\t\t<div class=\"elementor-post__card\">\n\t\t\t\t<a class=\"elementor-post__thumbnail__link\" href=\"https:\/\/markeeplan.com\/es\/landing-pages-that-convert-turning-clicks-into-quality-leads\/\" tabindex=\"-1\" ><div class=\"elementor-post__thumbnail\"><img loading=\"lazy\" decoding=\"async\" width=\"300\" height=\"200\" src=\"https:\/\/markeeplan.com\/wp-content\/uploads\/2025\/11\/fa781ab9-95d2-4d76-974f-fb0e225ec614-1-300x200.jpg\" class=\"attachment-medium size-medium wp-image-1873\" alt=\"\" srcset=\"https:\/\/markeeplan.com\/wp-content\/uploads\/2025\/11\/fa781ab9-95d2-4d76-974f-fb0e225ec614-1-300x200.jpg 300w, https:\/\/markeeplan.com\/wp-content\/uploads\/2025\/11\/fa781ab9-95d2-4d76-974f-fb0e225ec614-1-1024x682.jpg 1024w, https:\/\/markeeplan.com\/wp-content\/uploads\/2025\/11\/fa781ab9-95d2-4d76-974f-fb0e225ec614-1-768x512.jpg 768w, https:\/\/markeeplan.com\/wp-content\/uploads\/2025\/11\/fa781ab9-95d2-4d76-974f-fb0e225ec614-1.jpg 1280w\" sizes=\"(max-width: 300px) 100vw, 300px\" \/><\/div><\/a>\n\t\t\t\t<div class=\"elementor-post__badge\">Sin categor\u00eda<\/div>\n\t\t\t\t<div class=\"elementor-post__text\">\n\t\t\t\t<h3 class=\"elementor-post__title\">\n\t\t\t<a href=\"https:\/\/markeeplan.com\/es\/landing-pages-that-convert-turning-clicks-into-quality-leads\/\" >\n\t\t\t\tP\u00e1ginas de aterrizaje que convierten: Convertir clics en clientes potenciales de calidad\t\t\t<\/a>\n\t\t<\/h3>\n\t\t\t\t<div class=\"elementor-post__excerpt\">\n\t\t\t<p>Su anuncio ha conseguido el clic, ahora es el momento de cerrar el trato. Las p\u00e1ginas de aterrizaje d\u00e9biles son la causa n\u00famero uno de<\/p>\n\t\t<\/div>\n\t\t\n\t\t<a class=\"elementor-post__read-more\" href=\"https:\/\/markeeplan.com\/es\/landing-pages-that-convert-turning-clicks-into-quality-leads\/\" aria-label=\"Read more about Landing Pages That Convert: Turning Clicks into Quality Leads\" tabindex=\"-1\" >\n\t\t\tLeer M\u00e1s \u00bb\t\t<\/a>\n\n\t\t\t\t<\/div>\n\t\t\t\t<div class=\"elementor-post__meta-data\">\n\t\t\t\t\t<span class=\"elementor-post-date\">\n\t\t\t10 de noviembre de 2025\t\t<\/span>\n\t\t\t\t<span class=\"elementor-post-avatar\">\n\t\t\tNo hay comentarios\t\t<\/span>\n\t\t\t\t<\/div>\n\t\t\t\t\t<\/div>\n\t\t<\/article>\n\t\t\t\t<article class=\"elementor-post elementor-grid-item post-1860 post type-post status-publish format-standard has-post-thumbnail hentry category-uncategorized\">\n\t\t\t<div class=\"elementor-post__card\">\n\t\t\t\t<a class=\"elementor-post__thumbnail__link\" href=\"https:\/\/markeeplan.com\/es\/creative-breakthroughs-stop-banner-blindness-start-real-engagement\/\" tabindex=\"-1\" ><div class=\"elementor-post__thumbnail\"><img loading=\"lazy\" decoding=\"async\" width=\"300\" height=\"200\" src=\"https:\/\/markeeplan.com\/wp-content\/uploads\/2025\/11\/0cceb9cd-ddd4-464a-a6c3-44f7a78207b0-1-300x200.jpg\" class=\"attachment-medium size-medium wp-image-1872\" alt=\"\" srcset=\"https:\/\/markeeplan.com\/wp-content\/uploads\/2025\/11\/0cceb9cd-ddd4-464a-a6c3-44f7a78207b0-1-300x200.jpg 300w, https:\/\/markeeplan.com\/wp-content\/uploads\/2025\/11\/0cceb9cd-ddd4-464a-a6c3-44f7a78207b0-1-1024x682.jpg 1024w, https:\/\/markeeplan.com\/wp-content\/uploads\/2025\/11\/0cceb9cd-ddd4-464a-a6c3-44f7a78207b0-1-768x512.jpg 768w, https:\/\/markeeplan.com\/wp-content\/uploads\/2025\/11\/0cceb9cd-ddd4-464a-a6c3-44f7a78207b0-1.jpg 1280w\" sizes=\"(max-width: 300px) 100vw, 300px\" \/><\/div><\/a>\n\t\t\t\t<div class=\"elementor-post__badge\">Sin categor\u00eda<\/div>\n\t\t\t\t<div class=\"elementor-post__text\">\n\t\t\t\t<h3 class=\"elementor-post__title\">\n\t\t\t<a href=\"https:\/\/markeeplan.com\/es\/creative-breakthroughs-stop-banner-blindness-start-real-engagement\/\" >\n\t\t\t\tAvances creativos: Stop Banner Blindness, Start Real Engagement\t\t\t<\/a>\n\t\t<\/h3>\n\t\t\t\t<div class=\"elementor-post__excerpt\">\n\t\t\t<p>La mayor\u00eda de los anuncios actuales son invisibles. El p\u00fablico pasa de largo de las plantillas creativas repetitivas. La soluci\u00f3n no son colores m\u00e1s chillones, sino una narrativa m\u00e1s inteligente. En<\/p>\n\t\t<\/div>\n\t\t\n\t\t<a class=\"elementor-post__read-more\" href=\"https:\/\/markeeplan.com\/es\/creative-breakthroughs-stop-banner-blindness-start-real-engagement\/\" aria-label=\"Read more about Creative Breakthroughs: Stop Banner Blindness, Start Real Engagement\" tabindex=\"-1\" >\n\t\t\tLeer M\u00e1s \u00bb\t\t<\/a>\n\n\t\t\t\t<\/div>\n\t\t\t\t<div class=\"elementor-post__meta-data\">\n\t\t\t\t\t<span class=\"elementor-post-date\">\n\t\t\t10 de noviembre de 2025\t\t<\/span>\n\t\t\t\t<span class=\"elementor-post-avatar\">\n\t\t\tNo hay comentarios\t\t<\/span>\n\t\t\t\t<\/div>\n\t\t\t\t\t<\/div>\n\t\t<\/article>\n\t\t\t\t<article class=\"elementor-post elementor-grid-item post-1848 post type-post status-publish format-standard has-post-thumbnail hentry category-uncategorized\">\n\t\t\t<div class=\"elementor-post__card\">\n\t\t\t\t<a class=\"elementor-post__thumbnail__link\" href=\"https:\/\/markeeplan.com\/es\/ai-powered-ppc-in-2025-how-automation-turns-clicks-into-growth\/\" tabindex=\"-1\" ><div class=\"elementor-post__thumbnail\"><img loading=\"lazy\" decoding=\"async\" width=\"300\" height=\"300\" src=\"https:\/\/markeeplan.com\/wp-content\/uploads\/2025\/11\/download-6-300x300.png\" class=\"attachment-medium size-medium wp-image-1858\" alt=\"\" srcset=\"https:\/\/markeeplan.com\/wp-content\/uploads\/2025\/11\/download-6-300x300.png 300w, https:\/\/markeeplan.com\/wp-content\/uploads\/2025\/11\/download-6-150x150.png 150w, https:\/\/markeeplan.com\/wp-content\/uploads\/2025\/11\/download-6-768x768.png 768w, https:\/\/markeeplan.com\/wp-content\/uploads\/2025\/11\/download-6.png 800w\" sizes=\"(max-width: 300px) 100vw, 300px\" \/><\/div><\/a>\n\t\t\t\t<div class=\"elementor-post__badge\">Sin categor\u00eda<\/div>\n\t\t\t\t<div class=\"elementor-post__text\">\n\t\t\t\t<h3 class=\"elementor-post__title\">\n\t\t\t<a href=\"https:\/\/markeeplan.com\/es\/ai-powered-ppc-in-2025-how-automation-turns-clicks-into-growth\/\" >\n\t\t\t\tPPC con IA en 2025: C\u00f3mo la automatizaci\u00f3n convierte los clics en crecimiento\t\t\t<\/a>\n\t\t<\/h3>\n\t\t\t\t<div class=\"elementor-post__excerpt\">\n\t\t\t<p>El PPC siempre ha sido una cuesti\u00f3n de precisi\u00f3n, pero 2025 ser\u00e1 el a\u00f1o en que se convierta en inteligente. La automatizaci\u00f3n hace ahora lo que los<\/p>\n\t\t<\/div>\n\t\t\n\t\t<a class=\"elementor-post__read-more\" href=\"https:\/\/markeeplan.com\/es\/ai-powered-ppc-in-2025-how-automation-turns-clicks-into-growth\/\" aria-label=\"Read more about AI-Powered PPC in 2025: How Automation Turns Clicks into Growth\" tabindex=\"-1\" >\n\t\t\tLeer M\u00e1s \u00bb\t\t<\/a>\n\n\t\t\t\t<\/div>\n\t\t\t\t<div class=\"elementor-post__meta-data\">\n\t\t\t\t\t<span class=\"elementor-post-date\">\n\t\t\t9 de noviembre de 2025\t\t<\/span>\n\t\t\t\t<span class=\"elementor-post-avatar\">\n\t\t\tNo hay comentarios\t\t<\/span>\n\t\t\t\t<\/div>\n\t\t\t\t\t<\/div>\n\t\t<\/article>\n\t\t\t\t<\/div>\n\t\t\n\t\t\t\t\t\t<\/div>\n\t\t\t\t<\/div>\n\t\t\t\t\t<\/div>\n\t\t\t\t<\/div>\n\t\t\t\t<\/div>","protected":false},"excerpt":{"rendered":"<p>Mant\u00e9ngase al d\u00eda de las \u00faltimas tendencias digitales y mucho m\u00e1s.<\/p>","protected":false},"author":6,"featured_media":0,"parent":0,"menu_order":0,"comment_status":"closed","ping_status":"closed","template":"elementor_header_footer","meta":{"site-sidebar-layout":"no-sidebar","site-content-layout":"","ast-site-content-layout":"full-width-container","site-content-style":"default","site-sidebar-style":"default","ast-global-header-display":"","ast-banner-title-visibility":"","ast-main-header-display":"","ast-hfb-above-header-display":"","ast-hfb-below-header-display":"","ast-hfb-mobile-header-display":"","site-post-title":"","ast-breadcrumbs-content":"","ast-featured-img":"disabled","footer-sml-layout":"","ast-disable-related-posts":"","theme-transparent-header-meta":"","adv-header-id-meta":"","stick-header-meta":"","header-above-stick-meta":"","header-main-stick-meta":"","header-below-stick-meta":"","astra-migrate-meta-layouts":"default","ast-page-background-enabled":"default","ast-page-background-meta":{"desktop":{"background-color":"var(--ast-global-color-5)","background-image":"","background-repeat":"repeat","background-position":"center center","background-size":"auto","background-attachment":"scroll","background-type":"","background-media":"","overlay-type":"","overlay-color":"","overlay-opacity":"","overlay-gradient":""},"tablet":{"background-color":"","background-image":"","background-repeat":"repeat","background-position":"center center","background-size":"auto","background-attachment":"scroll","background-type":"","background-media":"","overlay-type":"","overlay-color":"","overlay-opacity":"","overlay-gradient":""},"mobile":{"background-color":"","background-image":"","background-repeat":"repeat","background-position":"center center","background-size":"auto","background-attachment":"scroll","background-type":"","background-media":"","overlay-type":"","overlay-color":"","overlay-opacity":"","overlay-gradient":""}},"ast-content-background-meta":{"desktop":{"background-color":"var(--ast-global-color-4)","background-image":"","background-repeat":"repeat","background-position":"center center","background-size":"auto","background-attachment":"scroll","background-type":"","background-media":"","overlay-type":"","overlay-color":"","overlay-opacity":"","overlay-gradient":""},"tablet":{"background-color":"var(--ast-global-color-4)","background-image":"","background-repeat":"repeat","background-position":"center center","background-size":"auto","background-attachment":"scroll","background-type":"","background-media":"","overlay-type":"","overlay-color":"","overlay-opacity":"","overlay-gradient":""},"mobile":{"background-color":"var(--ast-global-color-4)","background-image":"","background-repeat":"repeat","background-position":"center center","background-size":"auto","background-attachment":"scroll","background-type":"","background-media":"","overlay-type":"","overlay-color":"","overlay-opacity":"","overlay-gradient":""}},"footnotes":""},"class_list":["post-11","page","type-page","status-publish","hentry"],"_links":{"self":[{"href":"https:\/\/markeeplan.com\/es\/wp-json\/wp\/v2\/pages\/11","targetHints":{"allow":["GET"]}}],"collection":[{"href":"https:\/\/markeeplan.com\/es\/wp-json\/wp\/v2\/pages"}],"about":[{"href":"https:\/\/markeeplan.com\/es\/wp-json\/wp\/v2\/types\/page"}],"author":[{"embeddable":true,"href":"https:\/\/markeeplan.com\/es\/wp-json\/wp\/v2\/users\/6"}],"replies":[{"embeddable":true,"href":"https:\/\/markeeplan.com\/es\/wp-json\/wp\/v2\/comments?post=11"}],"version-history":[{"count":6,"href":"https:\/\/markeeplan.com\/es\/wp-json\/wp\/v2\/pages\/11\/revisions"}],"predecessor-version":[{"id":1908,"href":"https:\/\/markeeplan.com\/es\/wp-json\/wp\/v2\/pages\/11\/revisions\/1908"}],"wp:attachment":[{"href":"https:\/\/markeeplan.com\/es\/wp-json\/wp\/v2\/media?parent=11"}],"curies":[{"name":"wp","href":"https:\/\/api.w.org\/{rel}","templated":true}]}}